{"id":96,"date":"2020-12-21T23:15:04","date_gmt":"2020-12-21T23:15:04","guid":{"rendered":"https:\/\/test.septet.lt\/?page_id=96"},"modified":"2021-01-03T13:45:17","modified_gmt":"2021-01-03T13:45:17","slug":"naujienlaiskis","status":"publish","type":"page","link":"https:\/\/septet.lt\/en\/naujienlaiskis\/","title":{"rendered":"Newsletter"},"content":{"rendered":"<p class=\"has-text-align-center\">Subscribe to our newsletter to know our updates first! We promise to not spam your inbox and only mail the most important information.<\/p>\n\n\n<script>(function() {\n\twindow.mc4wp = window.mc4wp || {\n\t\tlisteners: [],\n\t\tforms: {\n\t\t\ton: function(evt, cb) {\n\t\t\t\twindow.mc4wp.listeners.push(\n\t\t\t\t\t{\n\t\t\t\t\t\tevent   : evt,\n\t\t\t\t\t\tcallback: cb\n\t\t\t\t\t}\n\t\t\t\t);\n\t\t\t}\n\t\t}\n\t}\n})();\n<\/script><!-- Mailchimp for WordPress v4.10.5 - https:\/\/wordpress.org\/plugins\/mailchimp-for-wp\/ --><form id=\"mc4wp-form-1\" class=\"mc4wp-form mc4wp-form-68\" method=\"post\" data-id=\"68\" data-name=\"U\u017esiprenumeruokite m\u016bs\u0173 naujienlai\u0161k\u012f!\" action=\"\" ><div class=\"mc4wp-form-fields\"><p>\r\n\t<label> \r\n\t\t<input type=\"email\" name=\"EMAIL\" placeholder=\"Your e-mail address\" required \/>\r\n<\/label>\r\n<\/p>\r\n\r\n<p style=\"text-align: center\">\r\n  <button class=\"btn btn-primary\" type=\"submit\">Subscribe<\/button>\r\n<\/p><\/div><label style=\"display: none !important;\">Leave this field empty if you&#8217;re human: <input type=\"text\" name=\"_mc4wp_honeypot\" value=\"\" tabindex=\"-1\" autocomplete=\"off\" \/><\/label><input type=\"hidden\" name=\"_mc4wp_timestamp\" value=\"1776169111\" \/><input type=\"hidden\" name=\"_mc4wp_form_id\" value=\"68\" \/><input type=\"hidden\" name=\"_mc4wp_form_element_id\" value=\"mc4wp-form-1\" \/><div class=\"mc4wp-response\"><\/div><input type=\"hidden\" name=\"trp-form-language\" value=\"en\"\/><\/form><!-- \/ Mailchimp for WordPress Plugin -->\n\n\n<p><sub>If you would like to unsubscribe <a href=\"https:\/\/septet.us7.list-manage.com\/unsubscribe?u=f908849042b590be8788feb91&amp;id=c241884f5a\" data-type=\"URL\" data-id=\"https:\/\/septet.us7.list-manage.com\/unsubscribe?u=f908849042b590be8788feb91&amp;id=c241884f5a\" target=\"_blank\" rel=\"noreferrer noopener\">click here<\/a>.<\/sub><\/p>","protected":false},"excerpt":{"rendered":"<p>U\u017esiprenumeruokite m\u016bs\u0173 naujienlai\u0161k\u012f, kad su\u017einotum\u0117te visas naujienas pirmieji! Pa\u017eadame, neapkrausime J\u016bs\u0173 el. pa\u0161to ir si\u0173sime tik svarbiausi\u0105 informacij\u0105. Nor\u0117dami atsisakyti naujienlai\u0161kio spauskite \u010dia.<\/p>","protected":false},"author":1,"featured_media":0,"parent":0,"menu_order":0,"comment_status":"closed","ping_status":"closed","template":"","meta":{"footnotes":""},"class_list":["post-96","page","type-page","status-publish","hentry"],"_links":{"self":[{"href":"https:\/\/septet.lt\/en\/wp-json\/wp\/v2\/pages\/96","targetHints":{"allow":["GET"]}}],"collection":[{"href":"https:\/\/septet.lt\/en\/wp-json\/wp\/v2\/pages"}],"about":[{"href":"https:\/\/septet.lt\/en\/wp-json\/wp\/v2\/types\/page"}],"author":[{"embeddable":true,"href":"https:\/\/septet.lt\/en\/wp-json\/wp\/v2\/users\/1"}],"replies":[{"embeddable":true,"href":"https:\/\/septet.lt\/en\/wp-json\/wp\/v2\/comments?post=96"}],"version-history":[{"count":3,"href":"https:\/\/septet.lt\/en\/wp-json\/wp\/v2\/pages\/96\/revisions"}],"predecessor-version":[{"id":212,"href":"https:\/\/septet.lt\/en\/wp-json\/wp\/v2\/pages\/96\/revisions\/212"}],"wp:attachment":[{"href":"https:\/\/septet.lt\/en\/wp-json\/wp\/v2\/media?parent=96"}],"curies":[{"name":"wp","href":"https:\/\/api.w.org\/{rel}","templated":true}]}}