{"id":46,"date":"2020-12-21T18:16:23","date_gmt":"2020-12-21T18:16:23","guid":{"rendered":"https:\/\/test.septet.lt\/?page_id=46"},"modified":"2023-09-11T17:06:50","modified_gmt":"2023-09-11T15:06:50","slug":"apie","status":"publish","type":"page","link":"https:\/\/septet.lt\/en\/apie\/","title":{"rendered":"About"},"content":{"rendered":"<div class=\"wp-block-image\">\n<figure class=\"aligncenter size-large is-resized\"><img loading=\"lazy\" decoding=\"async\" src=\"https:\/\/septet.lt\/wp-content\/uploads\/2022\/04\/203A5462-1024x683.jpg\" alt=\"\" class=\"wp-image-253\" style=\"width:768px;height:512px\" width=\"768\" height=\"512\" srcset=\"https:\/\/septet.lt\/wp-content\/uploads\/2022\/04\/203A5462-1024x683.jpg 1024w, https:\/\/septet.lt\/wp-content\/uploads\/2022\/04\/203A5462-300x200.jpg 300w, https:\/\/septet.lt\/wp-content\/uploads\/2022\/04\/203A5462-768x512.jpg 768w, https:\/\/septet.lt\/wp-content\/uploads\/2022\/04\/203A5462-1536x1024.jpg 1536w, https:\/\/septet.lt\/wp-content\/uploads\/2022\/04\/203A5462-2048x1365.jpg 2048w, https:\/\/septet.lt\/wp-content\/uploads\/2022\/04\/203A5462-18x12.jpg 18w\" sizes=\"auto, (max-width: 768px) 100vw, 768px\" \/><figcaption class=\"wp-element-caption\">Collaborative Jazz Septet, photo - Nerijus Kuzmickas<\/figcaption><\/figure>\n<\/div>\n\n\n<p>Collaboration is probably the best way for a musician to improve or discover something new. Doesn't matter, collaborations with musicians or artists of another art form \u2013 the more the better. Needless to say, most of the artists understand this concept but the key is not to forget its importance in your daily life. Two friends \u2013 <em>Donatas Petreikis<\/em> and <em>Karolis \u0160arkus<\/em>\u2013 decided to collaborate. These musicians know each other for many years and spent countless hours on listening to records together, discussions and writing songs. Most of it would usually end up staying inside the studio but this time it was different. They have put all of their ideas with music on paper and out of love for jazz music \u201c<em>Collaborative Jazz Septet<\/em>\u201d. Tai vienintelis d\u017eiazo septetas Lietuvoje, autenti\u0161kai atliekantis \u201cbebop\u201d ir \u201chardbop\u201d er\u0173 \u012fkv\u0117pt\u0105 autorin\u0119 muzik\u0105. Karolis ir Donatas su kolektyvu visa tai \u012fra\u0161\u0117 ir sud\u0117jo \u012f album\u0105, kuris skaitmeniniu formatu i\u0161leistas 2020 met\u0173 lapkri\u010dio 1-\u0105j\u0105 dien\u0105. 2021-\u0173j\u0173 vasar\u0105 albumas buvo pristatytas gyvai \u0161e\u0161iuose Lietuvos miestuose. Debiutin\u0119 plok\u0161tel\u0119 galima \u012fsigyti internete arba jos klausytis visose populiariausiose muzikos pasiklausymo platformose. 2022 metais grup\u0117 i\u0161leido antr\u0105j\u012f album\u0105 vinilin\u0117s plok\u0161tel\u0117s pavidalu \u201c<em>That Groove<\/em>\u201d bei vaizdo \u012fra\u0161\u0173 cikl\u0105, kur\u012f galima rasti platformoje YouTube.<\/p>\n\n\n\n<h4 class=\"wp-block-heading\">Collaborative Jazz Septet is:<\/h4>\n\n\n\n<p>Mindaugas Vadoklis \u2013 trumpet<br>Karolis \u0160arkus \u2013 alto saxophone<br>Donatas Petreikis \u2013 tenor saxophone<br>Jievaras Jasinskis \u2013 trombone<br>Tuomas Korhonen \u2013 piano<br>Mariusz Pra\u015bniewski \u2013 acoustic bass<br>Augustas Baronas \u2013 drums<\/p>","protected":false},"excerpt":{"rendered":"<p>Vienas i\u0161 geriausi\u0173 b\u016bd\u0173 tobul\u0117ti kaip muzikantui ar atrasti nauj\u0173 muzikos kryp\u010di\u0173 &#8211; kolaboracija. Kolaboracija su kolegomis muzikantais ar kit\u0173 kryp\u010di\u0173 menininkais. Ir kuo daugiau kokybi\u0161k\u0173 kolaboracij\u0173 &#8211; tuo geriau.<a href=\"https:\/\/septet.lt\/en\/apie\/\" class=\"more-link\"><span class=\"readmore\">Continue reading<span class=\"screen-reader-text\">About<\/span><\/span><\/a><\/p>","protected":false},"author":1,"featured_media":0,"parent":0,"menu_order":0,"comment_status":"closed","ping_status":"closed","template":"","meta":{"footnotes":""},"class_list":["post-46","page","type-page","status-publish","hentry"],"_links":{"self":[{"href":"https:\/\/septet.lt\/en\/wp-json\/wp\/v2\/pages\/46","targetHints":{"allow":["GET"]}}],"collection":[{"href":"https:\/\/septet.lt\/en\/wp-json\/wp\/v2\/pages"}],"about":[{"href":"https:\/\/septet.lt\/en\/wp-json\/wp\/v2\/types\/page"}],"author":[{"embeddable":true,"href":"https:\/\/septet.lt\/en\/wp-json\/wp\/v2\/users\/1"}],"replies":[{"embeddable":true,"href":"https:\/\/septet.lt\/en\/wp-json\/wp\/v2\/comments?post=46"}],"version-history":[{"count":29,"href":"https:\/\/septet.lt\/en\/wp-json\/wp\/v2\/pages\/46\/revisions"}],"predecessor-version":[{"id":398,"href":"https:\/\/septet.lt\/en\/wp-json\/wp\/v2\/pages\/46\/revisions\/398"}],"wp:attachment":[{"href":"https:\/\/septet.lt\/en\/wp-json\/wp\/v2\/media?parent=46"}],"curies":[{"name":"wp","href":"https:\/\/api.w.org\/{rel}","templated":true}]}}