{"id":414,"date":"2024-02-11T22:31:58","date_gmt":"2024-02-11T20:31:58","guid":{"rendered":"https:\/\/septet.lt\/?page_id=414"},"modified":"2024-03-03T11:29:01","modified_gmt":"2024-03-03T09:29:01","slug":"manofculture","status":"publish","type":"page","link":"https:\/\/septet.lt\/en\/manofculture\/","title":{"rendered":"Man Of Culture"},"content":{"rendered":"<div class=\"wp-block-image\">\n<figure class=\"alignleft size-medium\"><img loading=\"lazy\" decoding=\"async\" width=\"300\" height=\"300\" src=\"https:\/\/septet.lt\/wp-content\/uploads\/2024\/03\/CJS-ManOfCulture-3000x3000px-600dpi-300x300.png\" alt=\"\" class=\"wp-image-427\" srcset=\"https:\/\/septet.lt\/wp-content\/uploads\/2024\/03\/CJS-ManOfCulture-3000x3000px-600dpi-300x300.png 300w, https:\/\/septet.lt\/wp-content\/uploads\/2024\/03\/CJS-ManOfCulture-3000x3000px-600dpi-1024x1024.png 1024w, https:\/\/septet.lt\/wp-content\/uploads\/2024\/03\/CJS-ManOfCulture-3000x3000px-600dpi-150x150.png 150w, https:\/\/septet.lt\/wp-content\/uploads\/2024\/03\/CJS-ManOfCulture-3000x3000px-600dpi-768x768.png 768w, https:\/\/septet.lt\/wp-content\/uploads\/2024\/03\/CJS-ManOfCulture-3000x3000px-600dpi-1536x1536.png 1536w, https:\/\/septet.lt\/wp-content\/uploads\/2024\/03\/CJS-ManOfCulture-3000x3000px-600dpi-2048x2048.png 2048w, https:\/\/septet.lt\/wp-content\/uploads\/2024\/03\/CJS-ManOfCulture-3000x3000px-600dpi-12x12.png 12w, https:\/\/septet.lt\/wp-content\/uploads\/2024\/03\/CJS-ManOfCulture-3000x3000px-600dpi-640x640.png 640w, https:\/\/septet.lt\/wp-content\/uploads\/2024\/03\/CJS-ManOfCulture-3000x3000px-600dpi-180x180.png 180w, https:\/\/septet.lt\/wp-content\/uploads\/2024\/03\/CJS-ManOfCulture-3000x3000px-600dpi-50x50.png 50w\" sizes=\"auto, (max-width: 300px) 100vw, 300px\" \/><\/figure>\n<\/div>\n\n\n<p>Man Of Culture - our newest album where fast solos blend with boogaloo rhythms in a cultured manner, and waltz rhythms are complemented by a romantic ballad. Available on all streaming platforms!<\/p>\n\n\n\n<p>Tracks #1, #3 and #6 written by Donatas Petreikis<br>Tracks #2, #4 and #5 written by Karolis \u0160arkus<\/p>\n\n\n\n<p>This album is funded by associations AGATA and LATGA.<\/p>\n\n\n\n<hr class=\"wp-block-separator has-alpha-channel-opacity\"\/>\n\n\n\n<figure class=\"wp-block-embed is-type-rich is-provider-spotify wp-block-embed-spotify wp-embed-aspect-21-9 wp-has-aspect-ratio\"><div class=\"wp-block-embed__wrapper\">\n<iframe title=\"Spotify Embed: Man Of Culture\" style=\"border-radius: 12px\" width=\"100%\" height=\"352\" frameborder=\"0\" allowfullscreen allow=\"autoplay; clipboard-write; encrypted-media; fullscreen; picture-in-picture\" loading=\"lazy\" src=\"https:\/\/open.spotify.com\/embed\/album\/4pD5BluHHmLj9tKVqzIEhe?si=KimKu_Y3SqOr5OyCaf5quA&#038;utm_source=oembed\"><\/iframe>\n<\/div><\/figure>","protected":false},"excerpt":{"rendered":"<p>Man Of Culture &#8211; naujausias grup\u0117s albumas, kuriame labai greitos improvizacijos susipina su kult\u016bringais boogaloo ritmais, o valso ritmus papildo romanti\u0161ka balad\u0117. Pasiekiama visose pasiklausymo platformose! Kompozicij\u0173 #1, #3, #6<a href=\"https:\/\/septet.lt\/en\/manofculture\/\" class=\"more-link\"><span class=\"readmore\">Continue reading<span class=\"screen-reader-text\">Man Of Culture<\/span><\/span><\/a><\/p>","protected":false},"author":1,"featured_media":0,"parent":0,"menu_order":0,"comment_status":"closed","ping_status":"closed","template":"","meta":{"footnotes":""},"class_list":["post-414","page","type-page","status-publish","hentry"],"_links":{"self":[{"href":"https:\/\/septet.lt\/en\/wp-json\/wp\/v2\/pages\/414","targetHints":{"allow":["GET"]}}],"collection":[{"href":"https:\/\/septet.lt\/en\/wp-json\/wp\/v2\/pages"}],"about":[{"href":"https:\/\/septet.lt\/en\/wp-json\/wp\/v2\/types\/page"}],"author":[{"embeddable":true,"href":"https:\/\/septet.lt\/en\/wp-json\/wp\/v2\/users\/1"}],"replies":[{"embeddable":true,"href":"https:\/\/septet.lt\/en\/wp-json\/wp\/v2\/comments?post=414"}],"version-history":[{"count":10,"href":"https:\/\/septet.lt\/en\/wp-json\/wp\/v2\/pages\/414\/revisions"}],"predecessor-version":[{"id":434,"href":"https:\/\/septet.lt\/en\/wp-json\/wp\/v2\/pages\/414\/revisions\/434"}],"wp:attachment":[{"href":"https:\/\/septet.lt\/en\/wp-json\/wp\/v2\/media?parent=414"}],"curies":[{"name":"wp","href":"https:\/\/api.w.org\/{rel}","templated":true}]}}