{"id":307,"date":"2022-04-04T14:03:52","date_gmt":"2022-04-04T12:03:52","guid":{"rendered":"https:\/\/septet.lt\/?page_id=307"},"modified":"2022-12-02T22:28:21","modified_gmt":"2022-12-02T20:28:21","slug":"naujienu-archyvas","status":"publish","type":"page","link":"https:\/\/septet.lt\/en\/naujienu-archyvas\/","title":{"rendered":"News archive"},"content":{"rendered":"<p><a href=\"https:\/\/www.lrytas.lt\/kultura\/scena\/2022\/10\/21\/news\/-jauno-dziazo-dienos-2022-kiekviena-karta-savaip-perteikia-laisve-24930304\">\u201eJauno d\u017eiazo dienos 2022\u201c: kiekviena karta savaip perteikia laisv\u0119 (Lrytas.lt)<\/a><\/p>\n\n\n\n<p><a href=\"https:\/\/www.15min.lt\/kultura\/naujiena\/muzika\/meile-dziazas-ir-septintojo-desimtmecio-ilgesys-specialiame-collaborative-jazz-septet-irase-284-1607112\" target=\"_blank\" rel=\"noreferrer noopener\">Meil\u0117, d\u017eiazas ir septintojo de\u0161imtme\u010dio ilgesys &#8211; specialiame &#8222;Collaborative Jazz Septet&#8221; \u012fra\u0161e (15min.lt)<\/a><\/p>\n\n\n\n<p><a href=\"https:\/\/www.delfi.lt\/veidai\/muzika\/collaborative-jazz-septet-muzikantai-pristato-vaizdo-klipa-the-train-wont-wait.d?id=88989997\" data-type=\"URL\" data-id=\"https:\/\/www.delfi.lt\/veidai\/muzika\/collaborative-jazz-septet-muzikantai-pristato-vaizdo-klipa-the-train-wont-wait.d?id=88989997\" target=\"_blank\" rel=\"noreferrer noopener\">&#8222;Collaborative Jazz Septet&#8221; muzikantai pristato vaizdo klip\u0105 &#8222;The Train Won&#8217;t Wait&#8217; (Delfi.lt)<\/a><\/p>\n\n\n\n<p><a href=\"https:\/\/welovelithuania.com\/jauno-dziazo-dienos-troskunuose-alytuje-ir-panevezyje\/\" data-type=\"URL\" data-id=\"https:\/\/welovelithuania.com\/jauno-dziazo-dienos-troskunuose-alytuje-ir-panevezyje\/\" target=\"_blank\" rel=\"noreferrer noopener\">&#8222;Jauno d\u017eiazo dienos&#8221; Tro\u0161k\u016bnuose, Alytuje ir Panev\u0117\u017eyje (WeloveLithuania.com)<\/a><\/p>\n\n\n\n<p><a href=\"https:\/\/www.lrt.lt\/mediateka\/irasas\/2000164207\/ryto-allegro-prasideda-jauno-dziazo-dienos\" data-type=\"URL\" data-id=\"https:\/\/www.lrt.lt\/mediateka\/irasas\/2000164207\/ryto-allegro-prasideda-jauno-dziazo-dienos\" target=\"_blank\" rel=\"noreferrer noopener\">Ryto allegro. Prasideda &#8222;Jauno d\u017eiazo dienos&#8221; (LRT klasika)<\/a><\/p>","protected":false},"excerpt":{"rendered":"<p>\u201eJauno d\u017eiazo dienos 2022\u201c: kiekviena karta savaip perteikia laisv\u0119 (Lrytas.lt) Meil\u0117, d\u017eiazas ir septintojo de\u0161imtme\u010dio ilgesys &#8211; specialiame &#8222;Collaborative Jazz Septet&#8221; \u012fra\u0161e (15min.lt) &#8222;Collaborative Jazz Septet&#8221; muzikantai pristato vaizdo klip\u0105<a href=\"https:\/\/septet.lt\/en\/naujienu-archyvas\/\" class=\"more-link\"><span class=\"readmore\">Continue reading<span class=\"screen-reader-text\">News archive<\/span><\/span><\/a><\/p>","protected":false},"author":1,"featured_media":0,"parent":0,"menu_order":0,"comment_status":"closed","ping_status":"closed","template":"","meta":{"footnotes":""},"class_list":["post-307","page","type-page","status-publish","hentry"],"_links":{"self":[{"href":"https:\/\/septet.lt\/en\/wp-json\/wp\/v2\/pages\/307","targetHints":{"allow":["GET"]}}],"collection":[{"href":"https:\/\/septet.lt\/en\/wp-json\/wp\/v2\/pages"}],"about":[{"href":"https:\/\/septet.lt\/en\/wp-json\/wp\/v2\/types\/page"}],"author":[{"embeddable":true,"href":"https:\/\/septet.lt\/en\/wp-json\/wp\/v2\/users\/1"}],"replies":[{"embeddable":true,"href":"https:\/\/septet.lt\/en\/wp-json\/wp\/v2\/comments?post=307"}],"version-history":[{"count":2,"href":"https:\/\/septet.lt\/en\/wp-json\/wp\/v2\/pages\/307\/revisions"}],"predecessor-version":[{"id":379,"href":"https:\/\/septet.lt\/en\/wp-json\/wp\/v2\/pages\/307\/revisions\/379"}],"wp:attachment":[{"href":"https:\/\/septet.lt\/en\/wp-json\/wp\/v2\/media?parent=307"}],"curies":[{"name":"wp","href":"https:\/\/api.w.org\/{rel}","templated":true}]}}