{"id":288,"date":"2022-04-04T13:25:42","date_gmt":"2022-04-04T11:25:42","guid":{"rendered":"https:\/\/septet.lt\/?page_id=288"},"modified":"2024-03-03T11:48:55","modified_gmt":"2024-03-03T09:48:55","slug":"diskografija","status":"publish","type":"page","link":"https:\/\/septet.lt\/en\/diskografija\/","title":{"rendered":"Discography"},"content":{"rendered":"<h3 class=\"wp-block-heading\">&#8222;Man Of Culture&#8221; (2024)<\/h3>\n\n\n\n<figure class=\"wp-block-embed is-type-rich is-provider-spotify wp-block-embed-spotify wp-embed-aspect-21-9 wp-has-aspect-ratio\"><div class=\"wp-block-embed__wrapper\">\n<iframe title=\"Spotify Embed: Man Of Culture\" style=\"border-radius: 12px\" width=\"100%\" height=\"352\" frameborder=\"0\" allowfullscreen allow=\"autoplay; clipboard-write; encrypted-media; fullscreen; picture-in-picture\" loading=\"lazy\" src=\"https:\/\/open.spotify.com\/embed\/album\/4pD5BluHHmLj9tKVqzIEhe?si=Jz2_tUPVTH6KMYaIYgJUpg&#038;utm_source=oembed\"><\/iframe>\n<\/div><\/figure>\n\n\n<div class=\"wp-block-image\">\n<figure class=\"aligncenter size-medium\"><img loading=\"lazy\" decoding=\"async\" width=\"300\" height=\"300\" src=\"https:\/\/septet.lt\/wp-content\/uploads\/2024\/03\/CJS-ManOfCulture-3000x3000px-600dpi-300x300.png\" alt=\"\" class=\"wp-image-427\" srcset=\"https:\/\/septet.lt\/wp-content\/uploads\/2024\/03\/CJS-ManOfCulture-3000x3000px-600dpi-300x300.png 300w, https:\/\/septet.lt\/wp-content\/uploads\/2024\/03\/CJS-ManOfCulture-3000x3000px-600dpi-1024x1024.png 1024w, https:\/\/septet.lt\/wp-content\/uploads\/2024\/03\/CJS-ManOfCulture-3000x3000px-600dpi-150x150.png 150w, https:\/\/septet.lt\/wp-content\/uploads\/2024\/03\/CJS-ManOfCulture-3000x3000px-600dpi-768x768.png 768w, https:\/\/septet.lt\/wp-content\/uploads\/2024\/03\/CJS-ManOfCulture-3000x3000px-600dpi-1536x1536.png 1536w, https:\/\/septet.lt\/wp-content\/uploads\/2024\/03\/CJS-ManOfCulture-3000x3000px-600dpi-2048x2048.png 2048w, https:\/\/septet.lt\/wp-content\/uploads\/2024\/03\/CJS-ManOfCulture-3000x3000px-600dpi-12x12.png 12w, https:\/\/septet.lt\/wp-content\/uploads\/2024\/03\/CJS-ManOfCulture-3000x3000px-600dpi-640x640.png 640w, https:\/\/septet.lt\/wp-content\/uploads\/2024\/03\/CJS-ManOfCulture-3000x3000px-600dpi-180x180.png 180w, https:\/\/septet.lt\/wp-content\/uploads\/2024\/03\/CJS-ManOfCulture-3000x3000px-600dpi-50x50.png 50w\" sizes=\"auto, (max-width: 300px) 100vw, 300px\" \/><\/figure>\n<\/div>\n\n\n<div class=\"wp-block-buttons is-horizontal is-content-justification-center is-layout-flex wp-container-core-buttons-is-layout-499968f5 wp-block-buttons-is-layout-flex\">\n<div class=\"wp-block-button is-style-fill\"><a class=\"wp-block-button__link has-background wp-element-button\" href=\"https:\/\/open.spotify.com\/album\/4pD5BluHHmLj9tKVqzIEhe?si=mx3u6VIcQlSW-n4kaBPnrA\" style=\"background-color:#1db954\" target=\"_blank\" rel=\"noreferrer noopener\">spotify<\/a><\/div>\n\n\n\n<div class=\"wp-block-button is-style-fill\"><a class=\"wp-block-button__link has-background wp-element-button\" href=\"https:\/\/music.apple.com\/us\/album\/man-of-culture\/1730928089\" style=\"background-color:#fc3c44\" target=\"_blank\" rel=\"noreferrer noopener\">apple music<\/a><\/div>\n\n\n\n<div class=\"wp-block-button is-style-fill\"><a class=\"wp-block-button__link has-background wp-element-button\" href=\"https:\/\/www.youtube.com\/watch?v=OS-y_uBn1c0&amp;list=OLAK5uy_kkouCNiZ4Eh_UysL3M5JjoXjJrkVqcxs0\" style=\"background-color:#ff0000\" target=\"_blank\" rel=\"noreferrer noopener\">YOUTUBE<\/a><\/div>\n<\/div>\n\n\n\n<h3 class=\"wp-block-heading\">&#8222;That Groove&#8221; (2022)<\/h3>\n\n\n\n<figure class=\"wp-block-embed is-type-rich is-provider-spotify wp-block-embed-spotify wp-embed-aspect-21-9 wp-has-aspect-ratio\"><div class=\"wp-block-embed__wrapper\">\n<iframe title=\"Spotify Embed: That Groove\" style=\"border-radius: 12px\" width=\"100%\" height=\"352\" frameborder=\"0\" allowfullscreen allow=\"autoplay; clipboard-write; encrypted-media; fullscreen; picture-in-picture\" loading=\"lazy\" src=\"https:\/\/open.spotify.com\/embed\/album\/5qQruQy1GIztHGaX7I1ML1?si=PKtlGsa1SVChZfvxs8Xiww&#038;utm_source=oembed\"><\/iframe>\n<\/div><\/figure>\n\n\n\n<div style=\"height:19px\" aria-hidden=\"true\" class=\"wp-block-spacer\"><\/div>\n\n\n<div class=\"wp-block-image\">\n<figure class=\"aligncenter size-large is-resized\"><img loading=\"lazy\" decoding=\"async\" width=\"1024\" height=\"682\" src=\"https:\/\/septet.lt\/wp-content\/uploads\/2022\/12\/ThatGroove_Mockup_1-1024x682.jpg\" alt=\"\" class=\"wp-image-384\" style=\"width:768px;height:512px\" srcset=\"https:\/\/septet.lt\/wp-content\/uploads\/2022\/12\/ThatGroove_Mockup_1-1024x682.jpg 1024w, https:\/\/septet.lt\/wp-content\/uploads\/2022\/12\/ThatGroove_Mockup_1-300x200.jpg 300w, https:\/\/septet.lt\/wp-content\/uploads\/2022\/12\/ThatGroove_Mockup_1-768x512.jpg 768w, https:\/\/septet.lt\/wp-content\/uploads\/2022\/12\/ThatGroove_Mockup_1-1536x1024.jpg 1536w, https:\/\/septet.lt\/wp-content\/uploads\/2022\/12\/ThatGroove_Mockup_1-2048x1365.jpg 2048w, https:\/\/septet.lt\/wp-content\/uploads\/2022\/12\/ThatGroove_Mockup_1-18x12.jpg 18w\" sizes=\"auto, (max-width: 1024px) 100vw, 1024px\" \/><\/figure>\n<\/div>\n\n\n<div class=\"wp-block-buttons is-horizontal is-content-justification-center is-layout-flex wp-container-core-buttons-is-layout-499968f5 wp-block-buttons-is-layout-flex\">\n<div class=\"wp-block-button\"><a class=\"wp-block-button__link has-background wp-element-button\" href=\"http:\/\/septet.lt\/en\/buy\/\" style=\"background-color:#629aa9\" target=\"_blank\" rel=\"noreferrer noopener\">BUY LP<\/a><\/div>\n\n\n\n<div class=\"wp-block-button is-style-fill\"><a class=\"wp-block-button__link has-background wp-element-button\" href=\"https:\/\/open.spotify.com\/album\/5qQruQy1GIztHGaX7I1ML1\" style=\"background-color:#1db954\" target=\"_blank\" rel=\"noreferrer noopener\">spotify<\/a><\/div>\n\n\n\n<div class=\"wp-block-button is-style-fill\"><a class=\"wp-block-button__link has-background wp-element-button\" href=\"https:\/\/music.apple.com\/us\/album\/that-groove\/1646115899\" style=\"background-color:#fc3c44\" target=\"_blank\" rel=\"noreferrer noopener\">apple music<\/a><\/div>\n\n\n\n<div class=\"wp-block-button is-style-fill\"><a class=\"wp-block-button__link has-background wp-element-button\" href=\"https:\/\/www.youtube.com\/playlist?list=PL3nhxT4luBUxyc-ocqtZrNi2lBstNsATp\" style=\"background-color:#ff0000\" target=\"_blank\" rel=\"noreferrer noopener\">YOUTUBE<\/a><\/div>\n<\/div>\n\n\n\n<hr class=\"wp-block-separator has-alpha-channel-opacity\"\/>\n\n\n\n<h3 class=\"wp-block-heading\">&#8222;Collaborative Jazz Septet&#8221; (2020)<\/h3>\n\n\n\n<figure class=\"wp-block-embed is-type-rich is-provider-spotify wp-block-embed-spotify wp-embed-aspect-21-9 wp-has-aspect-ratio\"><div class=\"wp-block-embed__wrapper\">\n<iframe title=\"Spotify Embed: Collaborative Jazz Septet\" style=\"border-radius: 12px\" width=\"100%\" height=\"352\" frameborder=\"0\" allowfullscreen allow=\"autoplay; clipboard-write; encrypted-media; fullscreen; picture-in-picture\" loading=\"lazy\" src=\"https:\/\/open.spotify.com\/embed\/album\/208u9kj48aAKwi8mxNllJq?si=XiGHYtIIST6DuDVriXFRuw&#038;utm_source=oembed\"><\/iframe>\n<\/div><\/figure>\n\n\n\n<p> <\/p>\n\n\n\n<div class=\"wp-block-buttons is-horizontal is-content-justification-center is-layout-flex wp-container-core-buttons-is-layout-499968f5 wp-block-buttons-is-layout-flex\">\n<div class=\"wp-block-button\"><a class=\"wp-block-button__link has-background wp-element-button\" href=\"http:\/\/septet.lt\/en\/bandcamp\/\" style=\"background-color:#629aa9\" target=\"_blank\" rel=\"noreferrer noopener\">Buy album on Bandcamp<\/a><\/div>\n\n\n\n<div class=\"wp-block-button is-style-fill\"><a class=\"wp-block-button__link has-background wp-element-button\" href=\"http:\/\/septet.lt\/en\/album\/spotify\/\" style=\"background-color:#1db954\" target=\"_blank\" rel=\"noreferrer noopener\">spotify<\/a><\/div>\n\n\n\n<div class=\"wp-block-button is-style-fill\"><a class=\"wp-block-button__link has-background wp-element-button\" href=\"http:\/\/septet.lt\/en\/album\/applemusic\/\" style=\"background-color:#fc3c44\" target=\"_blank\" rel=\"noreferrer noopener\">apple music<\/a><\/div>\n\n\n\n<div class=\"wp-block-button is-style-fill\"><a class=\"wp-block-button__link has-background wp-element-button\" href=\"http:\/\/septet.lt\/en\/album\/youtube\/\" style=\"background-color:#ff0000\" target=\"_blank\" rel=\"noreferrer noopener\">YOUTUBE<\/a><\/div>\n<\/div>\n\n\n\n<p> <\/p>\n\n\n\n<p class=\"has-text-align-center has-small-font-size\">ALBUMS ARE PARTLY SPONSORED BY LITHUANIAN COUNCIL FOR CULTURE, ASSOCIATION AGATA AND ASSOCIATION LATGA.<\/p>","protected":false},"excerpt":{"rendered":"<p>&#8222;Man Of Culture&#8221; (2024) &#8222;That Groove&#8221; (2022) &#8222;Collaborative Jazz Septet&#8221; (2020) ALBUM\u0172 LEIDYB\u0104 PAR\u0116M\u0116 LIETVUOS KULT\u016aROS TARYBA, ASOCIACIJA AGATA IR ASOCIACIJA LATGA.<\/p>","protected":false},"author":1,"featured_media":0,"parent":0,"menu_order":0,"comment_status":"closed","ping_status":"closed","template":"","meta":{"footnotes":""},"class_list":["post-288","page","type-page","status-publish","hentry"],"_links":{"self":[{"href":"https:\/\/septet.lt\/en\/wp-json\/wp\/v2\/pages\/288","targetHints":{"allow":["GET"]}}],"collection":[{"href":"https:\/\/septet.lt\/en\/wp-json\/wp\/v2\/pages"}],"about":[{"href":"https:\/\/septet.lt\/en\/wp-json\/wp\/v2\/types\/page"}],"author":[{"embeddable":true,"href":"https:\/\/septet.lt\/en\/wp-json\/wp\/v2\/users\/1"}],"replies":[{"embeddable":true,"href":"https:\/\/septet.lt\/en\/wp-json\/wp\/v2\/comments?post=288"}],"version-history":[{"count":13,"href":"https:\/\/septet.lt\/en\/wp-json\/wp\/v2\/pages\/288\/revisions"}],"predecessor-version":[{"id":437,"href":"https:\/\/septet.lt\/en\/wp-json\/wp\/v2\/pages\/288\/revisions\/437"}],"wp:attachment":[{"href":"https:\/\/septet.lt\/en\/wp-json\/wp\/v2\/media?parent=288"}],"curies":[{"name":"wp","href":"https:\/\/api.w.org\/{rel}","templated":true}]}}