{"id":233,"date":"2021-08-28T15:37:45","date_gmt":"2021-08-28T13:37:45","guid":{"rendered":"https:\/\/septet.lt\/?page_id=233"},"modified":"2026-03-30T18:04:11","modified_gmt":"2026-03-30T16:04:11","slug":"koncertai","status":"publish","type":"page","link":"https:\/\/septet.lt\/en\/koncertai\/","title":{"rendered":"Concerts"},"content":{"rendered":"<figure class=\"wp-block-table\"><table class=\"has-fixed-layout\"><tbody><tr><td>2026-07-23<\/td><td class=\"has-text-align-center\" data-align=\"center\">\u0160iauliai<\/td><td class=\"has-text-align-center\" data-align=\"center\"><\/td><\/tr><tr><td>2026-07-29<\/td><td class=\"has-text-align-center\" data-align=\"center\">Trakai<\/td><td class=\"has-text-align-center\" data-align=\"center\"><\/td><\/tr><\/tbody><\/table><\/figure>\n\n\n\n<hr class=\"wp-block-separator has-css-opacity\"\/>\n\n\n\n<p class=\"has-small-font-size\">PAST CONCERTS:<\/p>\n\n\n\n<ul class=\"wp-block-list\">\n<li>2026 m. kovo 29 d. &#8211; Bir\u0161tonas Jazz festivalis \/ <a href=\"https:\/\/birstonasjazz.lt\">info<\/a><\/li>\n\n\n\n<li>2026 m. kovo 28 d. &#8211; Jazz Cellar 11 \/ <a href=\"https:\/\/www.facebook.com\/events\/927342496535174\">info<\/a><\/li>\n\n\n\n<li>2025 m. lapkri\u010dio 26 d. &#8211; Jauno d\u017eiazo dienos vol.4 @ Vilkavi\u0161kis \/ <a href=\"https:\/\/www.facebook.com\/events\/1706800926661007\/\">info<\/a><\/li>\n\n\n\n<li>2025 m. lapkri\u010dio 25 d. &#8211; Jauno d\u017eiazo dienos vol.4 @ Pasvalys \/ <a href=\"https:\/\/www.facebook.com\/events\/1135926364799317\/\">info<\/a><\/li>\n\n\n\n<li>2024 m. spalio 23 d. &#8211; Jauno d\u017eiazo dienos vol.3 @ Vilnius \/ <a href=\"https:\/\/www.facebook.com\/events\/490333830590732\/\">info<\/a><\/li>\n\n\n\n<li>2024 m. spalio 22 d. &#8211; Jauno d\u017eiazo dienos vol.3 @ Pasvalys \/ <a href=\"https:\/\/www.facebook.com\/events\/524924713406192\/\">info<\/a><\/li>\n\n\n\n<li>2024 m. spalio 21 d. &#8211; Jauno d\u017eiazo dienos vol.3 @ Elektr\u0117nai \/ <a href=\"https:\/\/www.facebook.com\/events\/777478831055910\/\">info<\/a><\/li>\n\n\n\n<li>2024 m. kovo 2 d. &#8211; Man of Culture albumo pristatymas Taline \/ <a href=\"https:\/\/www.facebook.com\/events\/361824146743144\/\">info<\/a><\/li>\n\n\n\n<li>2024 m. kovo 1 d. &#8211; Man Of Culture albumo pristatymas Rygoje \/ <a href=\"https:\/\/www.facebook.com\/events\/385550167395834\">info<\/a><\/li>\n\n\n\n<li>2024 m. vasario 29 d. &#8211; Man of Culture albumo pristatymas Vilniuje \/ <a href=\"https:\/\/www.facebook.com\/events\/1777636409414335\">info<\/a><\/li>\n\n\n\n<li>2023 m. spalio 15 d. &#8211; All Lithuanian Weekend 2023 \/ <a href=\"https:\/\/www.facebook.com\/events\/5464975003621313\">info<\/a><\/li>\n\n\n\n<li>2022 m. lapkri\u010dio 8 d. &#8211; Jauno d\u017eiazo dienos vol.2 @ Vilnius \/ <a href=\"https:\/\/www.facebook.com\/events\/456194576327504\/\">info<\/a><\/li>\n\n\n\n<li>2022 m. lapkri\u010dio 7 d. &#8211; Jauno d\u017eiazo dienos vol.2 @ Kaunas \/ <a href=\"https:\/\/www.facebook.com\/events\/867541791290024\/\">info<\/a><\/li>\n\n\n\n<li>2022 m. rugpj\u016b\u010dio 23 d. &#8211; Senoji Zapy\u0161kio ba\u017eny\u010dia \/ <a href=\"https:\/\/www.facebook.com\/events\/732699187842056\">info<\/a><\/li>\n\n\n\n<li>2022 m. rugpj\u016b\u010dio 22 d. &#8211; OPERA Social House \/ <a href=\"https:\/\/www.facebook.com\/events\/444082154272662\">info<\/a><\/li>\n\n\n\n<li>2022 m. rugpj\u016b\u010dio 21 d. &#8211; Alytaus d\u017eiazo festivalis \/ <a href=\"https:\/\/www.facebook.com\/events\/800767514423202\/\">info<\/a><\/li>\n\n\n\n<li>2022 m. rugpj\u016b\u010dio 20 d. &#8211; Broma Jazz Festival \/ <a href=\"https:\/\/www.facebook.com\/events\/1717211995303172\">info<\/a><\/li>\n\n\n\n<li>2022 m. gegu\u017e\u0117s 9 d. &#8211; Kirtim\u0173 kult\u016bros centras \/ <a href=\"https:\/\/www.facebook.com\/events\/2034010910115783\/\">info<\/a><\/li>\n\n\n\n<li>2022 m. gegu\u017e\u0117s 8 d. &#8211; Naujosios Vilnios kult\u016bros centras \/ <a href=\"https:\/\/www.facebook.com\/events\/1648405552213020\/\">info<\/a><\/li>\n\n\n\n<li>2022 m. gegu\u017e\u0117s 7 d. &#8211; Jazz Cellar 11 \/ <a href=\"https:\/\/www.facebook.com\/events\/313047244100188\/\">info<\/a><\/li>\n\n\n\n<li>2021 m. rugs\u0117jo 3 d. &#8211; Taurag\u0117 Jazz festivalis \/ <a rel=\"noreferrer noopener\" href=\"https:\/\/www.facebook.com\/events\/1520894328245014\/\" data-type=\"URL\" data-id=\"https:\/\/www.facebook.com\/events\/1520894328245014\/\" target=\"_blank\">info<\/a><\/li>\n\n\n\n<li>2021 m. rugpj\u016b\u010dio 31 d. &#8211; Jauno d\u017eiazo dienos @ Panev\u0117\u017eys \/ <a rel=\"noreferrer noopener\" href=\"https:\/\/www.facebook.com\/events\/1500000493679023\/\" data-type=\"URL\" data-id=\"https:\/\/www.facebook.com\/events\/1500000493679023\/\" target=\"_blank\">info<\/a><\/li>\n\n\n\n<li>2021 m. rugpj\u016b\u010dio 30 d. &#8211; Jauno d\u017eiazo dienos @ Alytus \/ <a rel=\"noreferrer noopener\" href=\"https:\/\/www.facebook.com\/events\/232211575453646\/\" data-type=\"URL\" data-id=\"https:\/\/www.facebook.com\/events\/232211575453646\/\" target=\"_blank\">info<\/a><\/li>\n\n\n\n<li>2021 m. rugpj\u016b\u010dio 29 d. &#8211; Jauno d\u017eiazo dienos @ Tro\u0161k\u016bnai \/ <a rel=\"noreferrer noopener\" href=\"https:\/\/www.facebook.com\/events\/1296580060778242\/\" data-type=\"URL\" data-id=\"https:\/\/www.facebook.com\/events\/1296580060778242\/\" target=\"_blank\">info<\/a><\/li>\n\n\n\n<li>2021 m. rugpj\u016b\u010dio 28 d. &#8211; Marijampol\u0117 Music Park festivalis \/ <a rel=\"noreferrer noopener\" href=\"https:\/\/www.facebook.com\/events\/3966771220102447\/\" data-type=\"URL\" data-id=\"https:\/\/www.facebook.com\/events\/3966771220102447\/\" target=\"_blank\">info<\/a><\/li>\n\n\n\n<li>2021 m. rugpj\u016b\u010dio 27 d. &#8211; \u0160iauliai Jazz festivalis  \/ <a href=\"https:\/\/naktunai.wixsite.com\/jazzsiauliai\/2020-metai-copy\">info<\/a><\/li>\n<\/ul>\n\n\n\n<p><\/p>","protected":false},"excerpt":{"rendered":"<p>2026-07-23 \u0160iauliai 2026-07-29 Trakai BUV\u0118 KONCERTAI:<\/p>","protected":false},"author":1,"featured_media":0,"parent":0,"menu_order":0,"comment_status":"closed","ping_status":"closed","template":"","meta":{"footnotes":""},"class_list":["post-233","page","type-page","status-publish","hentry"],"_links":{"self":[{"href":"https:\/\/septet.lt\/en\/wp-json\/wp\/v2\/pages\/233","targetHints":{"allow":["GET"]}}],"collection":[{"href":"https:\/\/septet.lt\/en\/wp-json\/wp\/v2\/pages"}],"about":[{"href":"https:\/\/septet.lt\/en\/wp-json\/wp\/v2\/types\/page"}],"author":[{"embeddable":true,"href":"https:\/\/septet.lt\/en\/wp-json\/wp\/v2\/users\/1"}],"replies":[{"embeddable":true,"href":"https:\/\/septet.lt\/en\/wp-json\/wp\/v2\/comments?post=233"}],"version-history":[{"count":43,"href":"https:\/\/septet.lt\/en\/wp-json\/wp\/v2\/pages\/233\/revisions"}],"predecessor-version":[{"id":476,"href":"https:\/\/septet.lt\/en\/wp-json\/wp\/v2\/pages\/233\/revisions\/476"}],"wp:attachment":[{"href":"https:\/\/septet.lt\/en\/wp-json\/wp\/v2\/media?parent=233"}],"curies":[{"name":"wp","href":"https:\/\/api.w.org\/{rel}","templated":true}]}}