{"id":2,"date":"2020-12-21T17:24:36","date_gmt":"2020-12-21T17:24:36","guid":{"rendered":"https:\/\/test.septet.lt\/?page_id=2"},"modified":"2024-03-03T11:57:55","modified_gmt":"2024-03-03T09:57:55","slug":"puslapio-pavyzdys","status":"publish","type":"page","link":"https:\/\/septet.lt\/en\/","title":{"rendered":"Welcome to our website!"},"content":{"rendered":"<div class=\"wp-block-buttons is-layout-flex wp-block-buttons-is-layout-flex\">\n<div class=\"wp-block-button has-custom-width wp-block-button__width-75 aligncenter is-style-fill\"><a class=\"wp-block-button__link has-black-background-color has-background wp-element-button\" href=\"https:\/\/septet.lt\/en\/manofculture\/\" rel=\"\">NEW ALBUM - MAN OF CULTURE<\/a><\/div>\n\n\n\n<div class=\"wp-block-button has-custom-width wp-block-button__width-75 aligncenter is-style-fill\"><a class=\"wp-block-button__link has-black-background-color has-background wp-element-button\" href=\"https:\/\/septet.lt\/en\/buy\/\" rel=\"\">\u201eTHAT GROOVE\u201d VINYL<\/a><\/div>\n\n\n\n<div class=\"wp-block-button has-custom-width wp-block-button__width-75 aligncenter is-style-fill\"><a class=\"wp-block-button__link has-black-background-color has-background wp-element-button\" href=\"https:\/\/septet.lt\/en\/koncertai\/\" rel=\"\">Upcoming concerts<\/a><\/div>\n<\/div>\n\n\n\n<hr class=\"wp-block-separator has-css-opacity\"\/>\n\n\n<div class=\"cff-wrapper\">\t<h3 class=\"cff-header  cff-outside\" >\n\t\t<span class=\"fa fab fa-facebook\"  style=\"font-size:28px;\"  aria-hidden=\"true\"><\/span>\n\t\t<span class=\"header-text\">Facebook feed<\/span>\n\t<\/h3>\n<div class=\"cff-wrapper-ctn\" ><div id=\"cff\"  class=\"cff cff-list-container cff-masonry masonry-2-tablet cff-masonry-js cff-default-styles  cff-mob-cols-1\"   style=\"width:100%;\"   data-char=\"400\" ><div class=\"cff-posts-wrap\"><div id=\"cff_107843160816653_1792759345422029\" class=\"cff-item cff-status-post cff-album cff-box author-collaborative-jazz-septet\"  style=\"background-color:#FAFAFA;\" >\n\t<div class=\"cff-author\">\n\t<div class=\"cff-author-text\">\n\t\t\t\t\t<div class=\"cff-page-name cff-author-date\" >\n\t\t\t\t<a href=\"https:\/\/facebook.com\/107843160816653\" target=\"_blank\" rel=\"nofollow noopener\" >Collaborative Jazz Septet<\/a>\n\t\t\t\t<span class=\"cff-story\"> <\/span>\n\t\t\t<\/div>\n\t\t\t\n<p class=\"cff-date\" > 3 days ago <\/p>\n\t\t\t<\/div>\n\t<div class=\"cff-author-img\" data-avatar=\"https:\/\/scontent-fra5-2.xx.fbcdn.net\/v\/t39.30808-1\/471016421_1239578230976468_3827604097872517904_n.jpg?stp=cp0_dst-jpg_s50x50_tt6&#038;_nc_cat=107&#038;ccb=1-7&#038;_nc_sid=f907e8&#038;_nc_ohc=Q-nhDfRU6_EQ7kNvwEd2Eq7&#038;_nc_oc=AdoIyXndAj7o-_OhlTWD9e3iNpw7pjl8T6cYDLp6JvyVvjOHxnsNrHBkU5fcJi7hOSY&#038;_nc_zt=24&#038;_nc_ht=scontent-fra5-2.xx&#038;edm=AKIiGfEEAAAA&#038;_nc_gid=JQhQgpp4q5Jj9AP5UCukEQ&#038;_nc_tpa=Q5bMBQFingtp25bDY92f3t6j8vudsucSr-AR9pQrAfC8LtBHtlLeQJbHMBFFLWF8HWSCEkelq4pDj3ka9A&#038;oh=00_Af0ubM4HuoGaeMkS5jeToYKj-6TtXSnxy_5Qp4PGGhGCyA&#038;oe=69ECFE77\">\n\t\t<a href=\"https:\/\/facebook.com\/107843160816653\" target=\"_blank\" rel=\"nofollow noopener\" ><img decoding=\"async\" src=\"https:\/\/scontent-fra5-2.xx.fbcdn.net\/v\/t39.30808-1\/471016421_1239578230976468_3827604097872517904_n.jpg?stp=cp0_dst-jpg_s50x50_tt6&#038;_nc_cat=107&#038;ccb=1-7&#038;_nc_sid=f907e8&#038;_nc_ohc=Q-nhDfRU6_EQ7kNvwEd2Eq7&#038;_nc_oc=AdoIyXndAj7o-_OhlTWD9e3iNpw7pjl8T6cYDLp6JvyVvjOHxnsNrHBkU5fcJi7hOSY&#038;_nc_zt=24&#038;_nc_ht=scontent-fra5-2.xx&#038;edm=AKIiGfEEAAAA&#038;_nc_gid=JQhQgpp4q5Jj9AP5UCukEQ&#038;_nc_tpa=Q5bMBQFingtp25bDY92f3t6j8vudsucSr-AR9pQrAfC8LtBHtlLeQJbHMBFFLWF8HWSCEkelq4pDj3ka9A&#038;oh=00_Af0ubM4HuoGaeMkS5jeToYKj-6TtXSnxy_5Qp4PGGhGCyA&#038;oe=69ECFE77\" title=\"Collaborative Jazz Septet\" alt=\"Collaborative Jazz Septet\" width=\"40\" height=\"40\" onerror=\"this.style.display='none'\"><\/a>\n\t<\/div>\n<\/div>\n\n<div class=\"cff-post-text\"  style=\"font-size:13px;\" >\n\t<span class=\"cff-text\" data-color=\"\">\n\t\tDalinam\u0117s akimirkomis i\u0161 nesenai pra\u0117jusi\u0173 koncert\u0173 Vilniuje ir Bir\u0161tone! \ud83d\udcf8 \u0160tai taip m\u016bs\u0173 pasirodymus mat\u0117 Greta Uselyt\u0117 ir <a href=\"https:\/\/facebook.com\/26468105509540837\">Vytas Laukaitis<\/a> akys.<img class=\"cff-linebreak\" \/><img class=\"cff-linebreak\" \/>Nepavyko sudalyvauti \u0161iuose koncertuose? Neli\u016bd\u0117kite \u2013 jau vasar\u0105 v\u0117l pasimatysime Lietuvoje! Sekite mus ir nepraleiskite naujien\u0173 \ud83d\udd14\t\t\t<\/span>\n\t<span class=\"cff-expand\">... <a href=\"#\" style=\"color: #\"><span class=\"cff-more\">See More<\/span><span class=\"cff-less\">See Less<\/span><\/a><\/span>\n\n<\/div>\n\n<p class=\"cff-media-link\">\n\t<a href=\"https:\/\/www.facebook.com\/719500502747924\/posts\/1792759345422029\" target=\"_blank\" style=\"color: #\">\n\t\t<span style=\"padding-right: 5px;\" class=\"fa fas fa-picture-o fa-image\"><\/span>Photo\t<\/a>\n<\/p>\n\t<div class=\"cff-post-links\">\n\t\t\t\t\t<a class=\"cff-viewpost-facebook\" href=\"https:\/\/www.facebook.com\/719500502747924\/posts\/1792759345422029\" title=\"View in Facebook\" target=\"_blank\" rel=\"nofollow noopener\" >View in Facebook<\/a>\n\t\t\t\t\t\t\t<div class=\"cff-share-container\">\n\t\t\t\t\t\t\t\t\t<span class=\"cff-dot\" >&middot;<\/span>\n\t\t\t\t\t\t\t\t<a class=\"cff-share-link\" href=\"https:\/\/www.facebook.com\/sharer\/sharer.php?u=https%3A%2F%2Fwww.facebook.com%2F719500502747924%2Fposts%2F1792759345422029\" title=\"Share\" >Share<\/a>\n\t\t\t\t<p class=\"cff-share-tooltip\">\n\t\t\t\t\t\t\t\t\t\t\t<a href=\"https:\/\/www.facebook.com\/sharer\/sharer.php?u=https%3A%2F%2Fwww.facebook.com%2F719500502747924%2Fposts%2F1792759345422029\" target=\"_blank\" rel=\"noopener noreferrer\" class=\"cff-facebook-icon\">\n\t\t\t\t\t\t\t<span class=\"fa fab fa-facebook-square\" aria-hidden=\"true\"><\/span>\n\t\t\t\t\t\t\t<span class=\"cff-screenreader\">Share on Facebook<\/span>\n\t\t\t\t\t\t<\/a>\n\t\t\t\t\t\t\t\t\t\t\t<a href=\"https:\/\/twitter.com\/intent\/tweet?text=https%3A%2F%2Fwww.facebook.com%2F719500502747924%2Fposts%2F1792759345422029\" target=\"_blank\" rel=\"noopener noreferrer\" class=\"cff-twitter-icon\">\n\t\t\t\t\t\t\t<span class=\"fa fab fa-twitter\" aria-hidden=\"true\"><\/span>\n\t\t\t\t\t\t\t<span class=\"cff-screenreader\">Share on Twitter<\/span>\n\t\t\t\t\t\t<\/a>\n\t\t\t\t\t\t\t\t\t\t\t<a href=\"https:\/\/www.linkedin.com\/shareArticle?mini=true&#038;url=https%3A%2F%2Fwww.facebook.com%2F719500502747924%2Fposts%2F1792759345422029&#038;title=%09%09%09Dalinam%C4%97s%20akimirkomis%20i%C5%A1%20nesenai%20pra%C4%97jusi%C5%B3%20koncert%C5%B3%20Vilniuje%20ir%20Bir%C5%A1tone%21%20%F0%9F%93%B8%20%C5%A0tai%20taip%20m%C5%ABs%C5%B3%20pasirodymus%20mat%C4%97%20Greta%20Uselyt%C4%97%20ir%20Vytas%20Laukaitis%20akys.Nepavyko%20sudalyvauti%20%C5%A1iuose%20koncertuose%3F%20Neli%C5%ABd%C4%97kite%20%E2%80%93%20jau%20vasar%C4%85%20v%C4%97l%20pasimatysime%20Lietuvoje%21%20Sekite%20mus%20ir%20nepraleiskite%20naujien%C5%B3%20%F0%9F%94%94%09%09%09%09\" target=\"_blank\" rel=\"noopener noreferrer\" class=\"cff-linkedin-icon\">\n\t\t\t\t\t\t\t<span class=\"fa fab fa-linkedin\" aria-hidden=\"true\"><\/span>\n\t\t\t\t\t\t\t<span class=\"cff-screenreader\">Share on Linked In<\/span>\n\t\t\t\t\t\t<\/a>\n\t\t\t\t\t\t\t\t\t\t\t<a href=\"mailto:?subject=Facebook&#038;body=https%3A%2F%2Fwww.facebook.com%2F719500502747924%2Fposts%2F1792759345422029%20-%20%0A%0A%09%0A%09%09Dalinam%C4%97s%20akimirkomis%20i%C5%A1%20nesenai%20pra%C4%97jusi%C5%B3%20koncert%C5%B3%20Vilniuje%20ir%20Bir%C5%A1tone%21%20%F0%9F%93%B8%20%C5%A0tai%20taip%20m%C5%ABs%C5%B3%20pasirodymus%20mat%C4%97%20Greta%20Uselyt%C4%97%20ir%20Vytas%20Laukaitis%20akys.Nepavyko%20sudalyvauti%20%C5%A1iuose%20koncertuose%3F%20Neli%C5%ABd%C4%97kite%20%E2%80%93%20jau%20vasar%C4%85%20v%C4%97l%20pasimatysime%20Lietuvoje%21%20Sekite%20mus%20ir%20nepraleiskite%20naujien%C5%B3%20%F0%9F%94%94%09%09%09%0A%09\" target=\"_blank\" rel=\"noopener noreferrer\" class=\"cff-email-icon\">\n\t\t\t\t\t\t\t<span class=\"fa fab fa-envelope\" aria-hidden=\"true\"><\/span>\n\t\t\t\t\t\t\t<span class=\"cff-screenreader\">Share by Email<\/span>\n\t\t\t\t\t\t<\/a>\n\t\t\t\t\t\t\t\t\t<\/p>\n\t\t\t<\/div>\n\t\t\t<\/div>\n\t<\/div>\n\n\n\n<div id=\"cff_107843160816653_1780370743327556\" class=\"cff-item cff-link-item cff-box author-collaborative-jazz-septet\"  style=\"background-color:#FAFAFA;\" >\n\t<div class=\"cff-author\">\n\t<div class=\"cff-author-text\">\n\t\t\t\t\t<div class=\"cff-page-name cff-author-date\" >\n\t\t\t\t<a href=\"https:\/\/facebook.com\/107843160816653\" target=\"_blank\" rel=\"nofollow noopener\" >Collaborative Jazz Septet<\/a>\n\t\t\t\t<span class=\"cff-story\"> <\/span>\n\t\t\t<\/div>\n\t\t\t\n<p class=\"cff-date\" > 3 weeks ago <\/p>\n\t\t\t<\/div>\n\t<div class=\"cff-author-img\" data-avatar=\"https:\/\/scontent-fra5-2.xx.fbcdn.net\/v\/t39.30808-1\/471016421_1239578230976468_3827604097872517904_n.jpg?stp=cp0_dst-jpg_s50x50_tt6&#038;_nc_cat=107&#038;ccb=1-7&#038;_nc_sid=f907e8&#038;_nc_ohc=Q-nhDfRU6_EQ7kNvwEd2Eq7&#038;_nc_oc=AdoIyXndAj7o-_OhlTWD9e3iNpw7pjl8T6cYDLp6JvyVvjOHxnsNrHBkU5fcJi7hOSY&#038;_nc_zt=24&#038;_nc_ht=scontent-fra5-2.xx&#038;edm=AKIiGfEEAAAA&#038;_nc_gid=JQhQgpp4q5Jj9AP5UCukEQ&#038;_nc_tpa=Q5bMBQFingtp25bDY92f3t6j8vudsucSr-AR9pQrAfC8LtBHtlLeQJbHMBFFLWF8HWSCEkelq4pDj3ka9A&#038;oh=00_Af0ubM4HuoGaeMkS5jeToYKj-6TtXSnxy_5Qp4PGGhGCyA&#038;oe=69ECFE77\">\n\t\t<a href=\"https:\/\/facebook.com\/107843160816653\" target=\"_blank\" rel=\"nofollow noopener\" ><img decoding=\"async\" src=\"https:\/\/scontent-fra5-2.xx.fbcdn.net\/v\/t39.30808-1\/471016421_1239578230976468_3827604097872517904_n.jpg?stp=cp0_dst-jpg_s50x50_tt6&#038;_nc_cat=107&#038;ccb=1-7&#038;_nc_sid=f907e8&#038;_nc_ohc=Q-nhDfRU6_EQ7kNvwEd2Eq7&#038;_nc_oc=AdoIyXndAj7o-_OhlTWD9e3iNpw7pjl8T6cYDLp6JvyVvjOHxnsNrHBkU5fcJi7hOSY&#038;_nc_zt=24&#038;_nc_ht=scontent-fra5-2.xx&#038;edm=AKIiGfEEAAAA&#038;_nc_gid=JQhQgpp4q5Jj9AP5UCukEQ&#038;_nc_tpa=Q5bMBQFingtp25bDY92f3t6j8vudsucSr-AR9pQrAfC8LtBHtlLeQJbHMBFFLWF8HWSCEkelq4pDj3ka9A&#038;oh=00_Af0ubM4HuoGaeMkS5jeToYKj-6TtXSnxy_5Qp4PGGhGCyA&#038;oe=69ECFE77\" title=\"Collaborative Jazz Septet\" alt=\"Collaborative Jazz Septet\" width=\"40\" height=\"40\" onerror=\"this.style.display='none'\"><\/a>\n\t<\/div>\n<\/div>\n\n<div class=\"cff-post-text\"  style=\"font-size:13px;\" >\n\t<span class=\"cff-text\" data-color=\"\">\n\t\tA\u010di\u016b <a href=\"https:\/\/facebook.com\/26026985533667801\">Laima Slepkovait\u0117<\/a> and <a href=\"https:\/\/facebook.com\/53127009651\">7md - Septynios meno dienos<\/a>! Puikus skaitinys \u0160v. Velyk\u0173 popietei \u2014 visus sveikiname su \u0161vente \ud83d\udc23 <img class=\"cff-linebreak\" \/><img class=\"cff-linebreak\" \/>\u201eI\u0161girdome \u201eCollaborative Jazz Septet\u201c \u2013 tarptautin\u012f Karolio \u0160arkaus ir Donato Petreikio vadovaujam\u0105 \u0161iuolaikinio hardbopo kolektyv\u0105, kurio draivo u\u017etekt\u0173 visam bigbendui, o ekstraverti\u0161k\u0173 solo koncentracija tokia intensyvi, kokia tik gal\u0117t\u0173 b\u016bti.\u201c\t\t\t<\/span>\n\t<span class=\"cff-expand\">... <a href=\"#\" style=\"color: #\"><span class=\"cff-more\">See More<\/span><span class=\"cff-less\">See Less<\/span><\/a><\/span>\n\n<\/div>\n\n\t<div class=\"cff-post-links\">\n\t\t\t\t\t<a class=\"cff-viewpost-facebook\" href=\"https:\/\/www.facebook.com\/107843160816653_1780370743327556\" title=\"View in Facebook\" target=\"_blank\" rel=\"nofollow noopener\" >View in Facebook<\/a>\n\t\t\t\t\t\t\t<div class=\"cff-share-container\">\n\t\t\t\t\t\t\t\t\t<span class=\"cff-dot\" >&middot;<\/span>\n\t\t\t\t\t\t\t\t<a class=\"cff-share-link\" href=\"https:\/\/www.facebook.com\/sharer\/sharer.php?u=https%3A%2F%2Fwww.facebook.com%2F107843160816653_1780370743327556\" title=\"Share\" >Share<\/a>\n\t\t\t\t<p class=\"cff-share-tooltip\">\n\t\t\t\t\t\t\t\t\t\t\t<a href=\"https:\/\/www.facebook.com\/sharer\/sharer.php?u=https%3A%2F%2Fwww.facebook.com%2F107843160816653_1780370743327556\" target=\"_blank\" rel=\"noopener noreferrer\" class=\"cff-facebook-icon\">\n\t\t\t\t\t\t\t<span class=\"fa fab fa-facebook-square\" aria-hidden=\"true\"><\/span>\n\t\t\t\t\t\t\t<span class=\"cff-screenreader\">Share on Facebook<\/span>\n\t\t\t\t\t\t<\/a>\n\t\t\t\t\t\t\t\t\t\t\t<a href=\"https:\/\/twitter.com\/intent\/tweet?text=https%3A%2F%2Fwww.facebook.com%2F107843160816653_1780370743327556\" target=\"_blank\" rel=\"noopener noreferrer\" class=\"cff-twitter-icon\">\n\t\t\t\t\t\t\t<span class=\"fa fab fa-twitter\" aria-hidden=\"true\"><\/span>\n\t\t\t\t\t\t\t<span class=\"cff-screenreader\">Share on Twitter<\/span>\n\t\t\t\t\t\t<\/a>\n\t\t\t\t\t\t\t\t\t\t\t<a href=\"https:\/\/www.linkedin.com\/shareArticle?mini=true&#038;url=https%3A%2F%2Fwww.facebook.com%2F107843160816653_1780370743327556&#038;title=%09%09%09A%C4%8Di%C5%AB%20Laima%20Slepkovait%C4%97%20ir%207md%20-%20Septynios%20meno%20dienos%21%20Puikus%20skaitinys%20%C5%A0v.%20Velyk%C5%B3%20popietei%20%E2%80%94%20visus%20sveikiname%20su%20%C5%A1vente%20%F0%9F%90%A3%20%E2%80%9EI%C5%A1girdome%20%E2%80%9ECollaborative%20Jazz%20Septet%E2%80%9C%20%E2%80%93%20tarptautin%C4%AF%20Karolio%20%C5%A0arkaus%20ir%20Donato%20Petreikio%20vadovaujam%C4%85%20%C5%A1iuolaikinio%20hardbopo%20kolektyv%C4%85%2C%20kurio%20draivo%20u%C5%BEtekt%C5%B3%20visam%20bigbendui%2C%20o%20ekstraverti%C5%A1k%C5%B3%20solo%20koncentracija%20tokia%20intensyvi%2C%20kokia%20tik%20gal%C4%97t%C5%B3%20b%C5%ABti.%E2%80%9C%09%09%09%09\" target=\"_blank\" rel=\"noopener noreferrer\" class=\"cff-linkedin-icon\">\n\t\t\t\t\t\t\t<span class=\"fa fab fa-linkedin\" aria-hidden=\"true\"><\/span>\n\t\t\t\t\t\t\t<span class=\"cff-screenreader\">Share on Linked In<\/span>\n\t\t\t\t\t\t<\/a>\n\t\t\t\t\t\t\t\t\t\t\t<a href=\"mailto:?subject=Facebook&#038;body=https%3A%2F%2Fwww.facebook.com%2F107843160816653_1780370743327556%20-%20%0A%0A%09%0A%09%09A%C4%8Di%C5%AB%20Laima%20Slepkovait%C4%97%20ir%207md%20-%20Septynios%20meno%20dienos%21%20Puikus%20skaitinys%20%C5%A0v.%20Velyk%C5%B3%20popietei%20%E2%80%94%20visus%20sveikiname%20su%20%C5%A1vente%20%F0%9F%90%A3%20%E2%80%9EI%C5%A1girdome%20%E2%80%9ECollaborative%20Jazz%20Septet%E2%80%9C%20%E2%80%93%20tarptautin%C4%AF%20Karolio%20%C5%A0arkaus%20ir%20Donato%20Petreikio%20vadovaujam%C4%85%20%C5%A1iuolaikinio%20hardbopo%20kolektyv%C4%85%2C%20kurio%20draivo%20u%C5%BEtekt%C5%B3%20visam%20bigbendui%2C%20o%20ekstraverti%C5%A1k%C5%B3%20solo%20koncentracija%20tokia%20intensyvi%2C%20kokia%20tik%20gal%C4%97t%C5%B3%20b%C5%ABti.%E2%80%9C%09%09%09%0A%09\" target=\"_blank\" rel=\"noopener noreferrer\" class=\"cff-email-icon\">\n\t\t\t\t\t\t\t<span class=\"fa fab fa-envelope\" aria-hidden=\"true\"><\/span>\n\t\t\t\t\t\t\t<span class=\"cff-screenreader\">Share by Email<\/span>\n\t\t\t\t\t\t<\/a>\n\t\t\t\t\t\t\t\t\t<\/p>\n\t\t\t<\/div>\n\t\t\t<\/div>\n\t<\/div>\n\n\n\n<div id=\"cff_107843160816653_400752951525671\" class=\"cff-item cff-photo-post cff-box author-collaborative-jazz-septet\"  style=\"background-color:#FAFAFA;\" >\n\t<div class=\"cff-author\">\n\t<div class=\"cff-author-text\">\n\t\t\t\t\t<div class=\"cff-page-name cff-author-date\" >\n\t\t\t\t<a href=\"https:\/\/facebook.com\/107843160816653\" target=\"_blank\" rel=\"nofollow noopener\" >Collaborative Jazz Septet<\/a>\n\t\t\t\t<span class=\"cff-story\">  updated their profile picture.<\/span>\n\t\t\t<\/div>\n\t\t\t\n<p class=\"cff-date\" > 3 weeks ago <\/p>\n\t\t\t<\/div>\n\t<div class=\"cff-author-img\" data-avatar=\"https:\/\/scontent-fra5-2.xx.fbcdn.net\/v\/t39.30808-1\/471016421_1239578230976468_3827604097872517904_n.jpg?stp=cp0_dst-jpg_s50x50_tt6&#038;_nc_cat=107&#038;ccb=1-7&#038;_nc_sid=f907e8&#038;_nc_ohc=Q-nhDfRU6_EQ7kNvwEd2Eq7&#038;_nc_oc=AdoIyXndAj7o-_OhlTWD9e3iNpw7pjl8T6cYDLp6JvyVvjOHxnsNrHBkU5fcJi7hOSY&#038;_nc_zt=24&#038;_nc_ht=scontent-fra5-2.xx&#038;edm=AKIiGfEEAAAA&#038;_nc_gid=JQhQgpp4q5Jj9AP5UCukEQ&#038;_nc_tpa=Q5bMBQFingtp25bDY92f3t6j8vudsucSr-AR9pQrAfC8LtBHtlLeQJbHMBFFLWF8HWSCEkelq4pDj3ka9A&#038;oh=00_Af0ubM4HuoGaeMkS5jeToYKj-6TtXSnxy_5Qp4PGGhGCyA&#038;oe=69ECFE77\">\n\t\t<a href=\"https:\/\/facebook.com\/107843160816653\" target=\"_blank\" rel=\"nofollow noopener\" ><img decoding=\"async\" src=\"https:\/\/scontent-fra5-2.xx.fbcdn.net\/v\/t39.30808-1\/471016421_1239578230976468_3827604097872517904_n.jpg?stp=cp0_dst-jpg_s50x50_tt6&#038;_nc_cat=107&#038;ccb=1-7&#038;_nc_sid=f907e8&#038;_nc_ohc=Q-nhDfRU6_EQ7kNvwEd2Eq7&#038;_nc_oc=AdoIyXndAj7o-_OhlTWD9e3iNpw7pjl8T6cYDLp6JvyVvjOHxnsNrHBkU5fcJi7hOSY&#038;_nc_zt=24&#038;_nc_ht=scontent-fra5-2.xx&#038;edm=AKIiGfEEAAAA&#038;_nc_gid=JQhQgpp4q5Jj9AP5UCukEQ&#038;_nc_tpa=Q5bMBQFingtp25bDY92f3t6j8vudsucSr-AR9pQrAfC8LtBHtlLeQJbHMBFFLWF8HWSCEkelq4pDj3ka9A&#038;oh=00_Af0ubM4HuoGaeMkS5jeToYKj-6TtXSnxy_5Qp4PGGhGCyA&#038;oe=69ECFE77\" title=\"Collaborative Jazz Septet\" alt=\"Collaborative Jazz Septet\" width=\"40\" height=\"40\" onerror=\"this.style.display='none'\"><\/a>\n\t<\/div>\n<\/div>\n\n<div class=\"cff-post-text\"  style=\"font-size:13px;\" >\n\t<span class=\"cff-text\" data-color=\"\">\n\t\t\ud83d\udcf8 Nerijus Kuzmickas\t\t\t<\/span>\n\t<span class=\"cff-expand\">... <a href=\"#\" style=\"color: #\"><span class=\"cff-more\">See More<\/span><span class=\"cff-less\">See Less<\/span><\/a><\/span>\n\n<\/div>\n\n<p class=\"cff-media-link\">\n\t<a href=\"https:\/\/www.facebook.com\/collaborative7tet\" target=\"_blank\" style=\"color: #\">\n\t\t<span style=\"padding-right: 5px;\" class=\"fa fas fa-picture-o fa-image\"><\/span>Photo\t<\/a>\n<\/p>\n\t<div class=\"cff-post-links\">\n\t\t\t\t\t<a class=\"cff-viewpost-facebook\" href=\"https:\/\/www.facebook.com\/collaborative7tet\" title=\"View in Facebook\" target=\"_blank\" rel=\"nofollow noopener\" >View in Facebook<\/a>\n\t\t\t\t\t\t\t<div class=\"cff-share-container\">\n\t\t\t\t\t\t\t\t\t<span class=\"cff-dot\" >&middot;<\/span>\n\t\t\t\t\t\t\t\t<a class=\"cff-share-link\" href=\"https:\/\/www.facebook.com\/sharer\/sharer.php?u=https%3A%2F%2Fwww.facebook.com%2Fcollaborative7tet\" title=\"Share\" >Share<\/a>\n\t\t\t\t<p class=\"cff-share-tooltip\">\n\t\t\t\t\t\t\t\t\t\t\t<a href=\"https:\/\/www.facebook.com\/sharer\/sharer.php?u=https%3A%2F%2Fwww.facebook.com%2Fcollaborative7tet\" target=\"_blank\" rel=\"noopener noreferrer\" class=\"cff-facebook-icon\">\n\t\t\t\t\t\t\t<span class=\"fa fab fa-facebook-square\" aria-hidden=\"true\"><\/span>\n\t\t\t\t\t\t\t<span class=\"cff-screenreader\">Share on Facebook<\/span>\n\t\t\t\t\t\t<\/a>\n\t\t\t\t\t\t\t\t\t\t\t<a href=\"https:\/\/twitter.com\/intent\/tweet?text=https%3A%2F%2Fwww.facebook.com%2Fcollaborative7tet\" target=\"_blank\" rel=\"noopener noreferrer\" class=\"cff-twitter-icon\">\n\t\t\t\t\t\t\t<span class=\"fa fab fa-twitter\" aria-hidden=\"true\"><\/span>\n\t\t\t\t\t\t\t<span class=\"cff-screenreader\">Share on Twitter<\/span>\n\t\t\t\t\t\t<\/a>\n\t\t\t\t\t\t\t\t\t\t\t<a href=\"https:\/\/www.linkedin.com\/shareArticle?mini=true&#038;url=https%3A%2F%2Fwww.facebook.com%2Fcollaborative7tet&#038;title=%09%09%09%F0%9F%93%B8%20Nerijus%20Kuzmickas%09%09%09%09\" target=\"_blank\" rel=\"noopener noreferrer\" class=\"cff-linkedin-icon\">\n\t\t\t\t\t\t\t<span class=\"fa fab fa-linkedin\" aria-hidden=\"true\"><\/span>\n\t\t\t\t\t\t\t<span class=\"cff-screenreader\">Share on Linked In<\/span>\n\t\t\t\t\t\t<\/a>\n\t\t\t\t\t\t\t\t\t\t\t<a href=\"mailto:?subject=Facebook&#038;body=https%3A%2F%2Fwww.facebook.com%2Fcollaborative7tet%20-%20%0A%0A%09%0A%09%09%F0%9F%93%B8%20Nerijus%20Kuzmickas%09%09%09%0A%09\" target=\"_blank\" rel=\"noopener noreferrer\" class=\"cff-email-icon\">\n\t\t\t\t\t\t\t<span class=\"fa fab fa-envelope\" aria-hidden=\"true\"><\/span>\n\t\t\t\t\t\t\t<span class=\"cff-screenreader\">Share by Email<\/span>\n\t\t\t\t\t\t<\/a>\n\t\t\t\t\t\t\t\t\t<\/p>\n\t\t\t<\/div>\n\t\t\t<\/div>\n\t<\/div>\n\n\n\n<\/div><input class=\"cff-pag-url\" type=\"hidden\" data-locatornonce=\"177d07efe7\" data-cff-shortcode=\"{&quot;feed&quot;: &quot;1&quot;}\" data-post-id=\"2\" data-feed-id=\"107843160816653\"><\/div><\/div><div class=\"cff-clear\"><\/div><\/div>\n\n\n\n<h3 class=\"wp-block-heading has-text-align-center\">Newsletter<\/h3>\n\n\n\n<p class=\"has-text-align-center\"><sub>Subscribe to our newsletter to know our updates first! We promise to not spam your inbox and only mail the most important information.<\/sub><\/p>\n\n\n<script>(function() {\n\twindow.mc4wp = window.mc4wp || {\n\t\tlisteners: [],\n\t\tforms: {\n\t\t\ton: function(evt, cb) {\n\t\t\t\twindow.mc4wp.listeners.push(\n\t\t\t\t\t{\n\t\t\t\t\t\tevent   : evt,\n\t\t\t\t\t\tcallback: cb\n\t\t\t\t\t}\n\t\t\t\t);\n\t\t\t}\n\t\t}\n\t}\n})();\n<\/script><!-- Mailchimp for WordPress v4.10.5 - https:\/\/wordpress.org\/plugins\/mailchimp-for-wp\/ --><form id=\"mc4wp-form-1\" class=\"mc4wp-form mc4wp-form-68\" method=\"post\" data-id=\"68\" data-name=\"U\u017esiprenumeruokite m\u016bs\u0173 naujienlai\u0161k\u012f!\" action=\"\" ><div class=\"mc4wp-form-fields\"><p>\r\n\t<label> \r\n\t\t<input type=\"email\" name=\"EMAIL\" placeholder=\"Your e-mail address\" required \/>\r\n<\/label>\r\n<\/p>\r\n\r\n<p style=\"text-align: center\">\r\n  <button class=\"btn btn-primary\" type=\"submit\">Subscribe<\/button>\r\n<\/p><\/div><label style=\"display: none !important;\">Leave this field empty if you&#8217;re human: <input type=\"text\" name=\"_mc4wp_honeypot\" value=\"\" tabindex=\"-1\" autocomplete=\"off\" \/><\/label><input type=\"hidden\" name=\"_mc4wp_timestamp\" value=\"1776904004\" \/><input type=\"hidden\" name=\"_mc4wp_form_id\" value=\"68\" \/><input type=\"hidden\" name=\"_mc4wp_form_element_id\" value=\"mc4wp-form-1\" \/><div class=\"mc4wp-response\"><\/div><input type=\"hidden\" name=\"trp-form-language\" value=\"en\"\/><\/form><!-- \/ Mailchimp for WordPress Plugin -->","protected":false},"excerpt":{"rendered":"<p>Naujienlai\u0161kis U\u017esiprenumeruokite m\u016bs\u0173 naujienlai\u0161k\u012f, kad su\u017einotum\u0117te visas naujienas pirmieji! Pa\u017eadame, neapkrausime J\u016bs\u0173 el. pa\u0161to ir si\u0173sime tik svarbiausi\u0105 informacij\u0105.<\/p>","protected":false},"author":1,"featured_media":0,"parent":0,"menu_order":0,"comment_status":"closed","ping_status":"open","template":"","meta":{"footnotes":""},"class_list":["post-2","page","type-page","status-publish","hentry"],"_links":{"self":[{"href":"https:\/\/septet.lt\/en\/wp-json\/wp\/v2\/pages\/2","targetHints":{"allow":["GET"]}}],"collection":[{"href":"https:\/\/septet.lt\/en\/wp-json\/wp\/v2\/pages"}],"about":[{"href":"https:\/\/septet.lt\/en\/wp-json\/wp\/v2\/types\/page"}],"author":[{"embeddable":true,"href":"https:\/\/septet.lt\/en\/wp-json\/wp\/v2\/users\/1"}],"replies":[{"embeddable":true,"href":"https:\/\/septet.lt\/en\/wp-json\/wp\/v2\/comments?post=2"}],"version-history":[{"count":34,"href":"https:\/\/septet.lt\/en\/wp-json\/wp\/v2\/pages\/2\/revisions"}],"predecessor-version":[{"id":443,"href":"https:\/\/septet.lt\/en\/wp-json\/wp\/v2\/pages\/2\/revisions\/443"}],"wp:attachment":[{"href":"https:\/\/septet.lt\/en\/wp-json\/wp\/v2\/media?parent=2"}],"curies":[{"name":"wp","href":"https:\/\/api.w.org\/{rel}","templated":true}]}}