{"id":118,"date":"2021-01-02T19:06:23","date_gmt":"2021-01-02T19:06:23","guid":{"rendered":"https:\/\/test.septet.lt\/?page_id=118"},"modified":"2021-12-06T19:23:46","modified_gmt":"2021-12-06T17:23:46","slug":"albumas","status":"publish","type":"page","link":"https:\/\/septet.lt\/en\/albumas\/","title":{"rendered":"Album"},"content":{"rendered":"<figure class=\"wp-block-image size-large is-style-default\"><img loading=\"lazy\" decoding=\"async\" width=\"1024\" height=\"422\" src=\"https:\/\/test.septet.lt\/wp-content\/uploads\/2021\/01\/Album_mockup-1024x422.png\" alt=\"\" class=\"wp-image-181\" srcset=\"https:\/\/septet.lt\/wp-content\/uploads\/2021\/01\/Album_mockup-1024x422.png 1024w, https:\/\/septet.lt\/wp-content\/uploads\/2021\/01\/Album_mockup-300x124.png 300w, https:\/\/septet.lt\/wp-content\/uploads\/2021\/01\/Album_mockup-768x317.png 768w, https:\/\/septet.lt\/wp-content\/uploads\/2021\/01\/Album_mockup-1536x634.png 1536w, https:\/\/septet.lt\/wp-content\/uploads\/2021\/01\/Album_mockup-2048x845.png 2048w, https:\/\/septet.lt\/wp-content\/uploads\/2021\/01\/Album_mockup-16x7.png 16w\" sizes=\"auto, (max-width: 1024px) 100vw, 1024px\" \/><\/figure>\n\n\n\n<div class=\"wp-block-buttons is-content-justification-center is-layout-flex wp-block-buttons-is-layout-flex\">\n<div class=\"wp-block-button\"><a class=\"wp-block-button__link has-background\" href=\"http:\/\/septet.lt\/en\/bandcamp\/\" style=\"background-color:#629aa9\" target=\"_blank\" rel=\"noreferrer noopener\">Buy album on Bandcamp<\/a><\/div>\n\n\n\n<div class=\"wp-block-button is-style-fill\"><a class=\"wp-block-button__link has-background\" href=\"http:\/\/septet.lt\/en\/album\/spotify\/\" style=\"background-color:#1db954\" target=\"_blank\" rel=\"noreferrer noopener\">spotify<\/a><\/div>\n\n\n\n<div class=\"wp-block-button is-style-fill\"><a class=\"wp-block-button__link has-background\" href=\"http:\/\/septet.lt\/en\/album\/applemusic\/\" style=\"background-color:#fc3c44\" target=\"_blank\" rel=\"noreferrer noopener\">apple music<\/a><\/div>\n\n\n\n<div class=\"wp-block-button is-style-fill\"><a class=\"wp-block-button__link has-background\" href=\"http:\/\/septet.lt\/en\/album\/youtube\/\" style=\"background-color:#ff0000\" target=\"_blank\" rel=\"noreferrer noopener\">YOUTUBE<\/a><\/div>\n<\/div>\n\n\n\n<p>Our debut album <strong>Collaborative Jazz Septet<\/strong> is available on all major music streaming platforms! This album is almost like band's business card which presents our style and direction - traditional jazz. Collaborative Jazz Septet was released in November 2020, music written by Donatas Petreikis and Karolis \u0160arkus.<\/p>\n\n\n\n<p>Albumo leidyb\u0105 par\u0117m\u0117 Lietuvos Kult\u016bros Taryba ir asociacija LATGA.<\/p>\n\n\n\n<div class=\"wp-block-group\"><div class=\"wp-block-group__inner-container is-layout-flow wp-block-group-is-layout-flow\">\n<figure class=\"wp-block-image size-large is-resized\"><img loading=\"lazy\" decoding=\"async\" src=\"https:\/\/www.ltkt.lt\/userfiles\/LTK_Logotipas_Juodas.png\" alt=\"\" width=\"327\" height=\"127\"\/><\/figure>\n\n\n\n<figure class=\"wp-block-image\"><img decoding=\"async\" src=\"https:\/\/www.latga.lt\/wp-content\/uploads\/thegem-logos\/logo_8a6294d99afa41e24f6e1a5456e3a300_2x.png\" alt=\"\"\/><\/figure>\n<\/div><\/div>\n\n\n\n<iframe loading=\"lazy\" src=\"https:\/\/open.spotify.com\/embed\/album\/208u9kj48aAKwi8mxNllJq\" width=\"100%\" height=\"380\" frameborder=\"0\" allowtransparency=\"true\" allow=\"encrypted-media\"><\/iframe>\n\n\n\n<div class=\"wp-block-buttons is-layout-flex wp-block-buttons-is-layout-flex\"><\/div>\n\n\n\n<p><\/p>","protected":false},"excerpt":{"rendered":"<p>Debiutinis m\u016bs\u0173 albumas Collaborative Jazz Septet pasiekiamas visose populiariausiose muzikos pasiklausymo platformose! \u0160is albumas tarsi vizitin\u0117 kortel\u0117, pristatanti grup\u0117s stilistik\u0105 ir krypt\u012f &#8211; tradicinis d\u017eiazas. Albumas i\u0161leistas 2020 met\u0173 lapkrit\u012f,<a href=\"https:\/\/septet.lt\/en\/albumas\/\" class=\"more-link\"><span class=\"readmore\">Continue reading<span class=\"screen-reader-text\">Album<\/span><\/span><\/a><\/p>","protected":false},"author":1,"featured_media":0,"parent":0,"menu_order":0,"comment_status":"closed","ping_status":"closed","template":"","meta":{"footnotes":""},"class_list":["post-118","page","type-page","status-publish","hentry"],"_links":{"self":[{"href":"https:\/\/septet.lt\/en\/wp-json\/wp\/v2\/pages\/118","targetHints":{"allow":["GET"]}}],"collection":[{"href":"https:\/\/septet.lt\/en\/wp-json\/wp\/v2\/pages"}],"about":[{"href":"https:\/\/septet.lt\/en\/wp-json\/wp\/v2\/types\/page"}],"author":[{"embeddable":true,"href":"https:\/\/septet.lt\/en\/wp-json\/wp\/v2\/users\/1"}],"replies":[{"embeddable":true,"href":"https:\/\/septet.lt\/en\/wp-json\/wp\/v2\/comments?post=118"}],"version-history":[{"count":22,"href":"https:\/\/septet.lt\/en\/wp-json\/wp\/v2\/pages\/118\/revisions"}],"predecessor-version":[{"id":248,"href":"https:\/\/septet.lt\/en\/wp-json\/wp\/v2\/pages\/118\/revisions\/248"}],"wp:attachment":[{"href":"https:\/\/septet.lt\/en\/wp-json\/wp\/v2\/media?parent=118"}],"curies":[{"name":"wp","href":"https:\/\/api.w.org\/{rel}","templated":true}]}}